{"id":3374,"date":"2024-03-06T12:45:02","date_gmt":"2024-03-06T11:45:02","guid":{"rendered":"https:\/\/pepecare.be\/?page_id=3374"},"modified":"2024-03-06T12:45:02","modified_gmt":"2024-03-06T11:45:02","slug":"mentions-legales","status":"publish","type":"page","link":"https:\/\/pepecare.be\/index.php\/mentions-legales\/","title":{"rendered":"Mentions l\u00e9gales"},"content":{"rendered":"\n<p>Il est pr\u00e9cis\u00e9 aux utilisateurs du site internet\u00a0<strong>www.pepecare.be\u00a0<\/strong>l\u2019identit\u00e9 des diff\u00e9rents intervenants dans le cadre de sa r\u00e9alisation et de son suivi :<\/p>\n\n\n\n<p><strong>\u00c9diteur\u00a0<\/strong>:\u00a0Ashu Pepertua<br><strong>TVA<\/strong>\u00a0:<strong>\u00a0<\/strong>BE 0805.917.867<br>Stationsweg\u00a01A, 9340\u00a0Lede<\/p>\n\n\n\n<p><strong>Responsable de publication<\/strong>\u00a0:\u00a0Ashu Pepertua<br><strong>T\u00e9l\u00e9phone<\/strong>\u00a0: +32 (0) 465 33 85 19<\/p>\n\n\n\n<p><strong>D\u00e9l\u00e9gu\u00e9 \u00e0 la protection des donn\u00e9es<\/strong>\u00a0:\u00a0Ashu Pepertua \u2013 pepertuaashu@yahoo.com<br><strong>T\u00e9l\u00e9phone<\/strong>\u00a0: +32 (0) 465 33 85 19<\/p>\n\n\n\n<p><strong>Webmaster\/Concepteur graphique<\/strong>&nbsp;: REDZHEB Yozkan [<strong><a href=\"https:\/\/scrin.be\/\">SCRIN<\/a><\/strong>] \u2013 Avenue Albert Giraud n\u00b01, 1030 Bruxelles<br><strong>T\u00e9l\u00e9phone<\/strong>&nbsp;: +32 (0) 484 08 35 45<\/p>\n\n\n\n<p><strong>H\u00e9bergeur<\/strong>&nbsp;:&nbsp;<strong><a href=\"https:\/\/www.ovhcloud.com\/fr\/\">OVH<\/a><\/strong>&nbsp;\u2013&nbsp;<a href=\"mailto:support@ovh.net\" target=\"_blank\" rel=\"noreferrer noopener\">support@ovh.net<\/a>&nbsp;\u2013 2 rue Kellermann 59100 Roubaix<br><strong>T\u00e9l\u00e9phone<\/strong>&nbsp;: 1007<\/p>\n","protected":false},"excerpt":{"rendered":"<p>Il est pr\u00e9cis\u00e9 aux utilisateurs du site internet\u00a0www.pepecare.be\u00a0l\u2019identit\u00e9 des diff\u00e9rents intervenants dans le cadre de sa r\u00e9alisation et de son suivi : \u00c9diteur\u00a0:\u00a0Ashu PepertuaTVA\u00a0:\u00a0BE 0805.917.867Stationsweg\u00a01A, 9340\u00a0Lede Responsable de publication\u00a0:\u00a0Ashu PepertuaT\u00e9l\u00e9phone\u00a0: +32 (0) 465 33 85 19 D\u00e9l\u00e9gu\u00e9 \u00e0 la protection des donn\u00e9es\u00a0:\u00a0Ashu Pepertua \u2013 pepertuaashu@yahoo.comT\u00e9l\u00e9phone\u00a0: +32 (0) 465 33 85 19 Webmaster\/Concepteur graphique&nbsp;: REDZHEB Yozkan [&hellip;]<\/p>\n","protected":false},"author":1,"featured_media":0,"parent":0,"menu_order":0,"comment_status":"closed","ping_status":"closed","template":"","meta":{"footnotes":""},"class_list":["post-3374","page","type-page","status-publish","hentry"],"_links":{"self":[{"href":"https:\/\/pepecare.be\/index.php\/wp-json\/wp\/v2\/pages\/3374","targetHints":{"allow":["GET"]}}],"collection":[{"href":"https:\/\/pepecare.be\/index.php\/wp-json\/wp\/v2\/pages"}],"about":[{"href":"https:\/\/pepecare.be\/index.php\/wp-json\/wp\/v2\/types\/page"}],"author":[{"embeddable":true,"href":"https:\/\/pepecare.be\/index.php\/wp-json\/wp\/v2\/users\/1"}],"replies":[{"embeddable":true,"href":"https:\/\/pepecare.be\/index.php\/wp-json\/wp\/v2\/comments?post=3374"}],"version-history":[{"count":1,"href":"https:\/\/pepecare.be\/index.php\/wp-json\/wp\/v2\/pages\/3374\/revisions"}],"predecessor-version":[{"id":3375,"href":"https:\/\/pepecare.be\/index.php\/wp-json\/wp\/v2\/pages\/3374\/revisions\/3375"}],"wp:attachment":[{"href":"https:\/\/pepecare.be\/index.php\/wp-json\/wp\/v2\/media?parent=3374"}],"curies":[{"name":"wp","href":"https:\/\/api.w.org\/{rel}","templated":true}]}}