{"id":3378,"date":"2024-03-06T12:49:03","date_gmt":"2024-03-06T11:49:03","guid":{"rendered":"https:\/\/pepecare.be\/?page_id=3378"},"modified":"2024-03-11T11:48:22","modified_gmt":"2024-03-11T10:48:22","slug":"politique-de-confidentialite","status":"publish","type":"page","link":"https:\/\/pepecare.be\/index.php\/politique-de-confidentialite\/","title":{"rendered":"Politique de confidentialit\u00e9"},"content":{"rendered":"\n<p><strong>Introduction<\/strong><\/p>\n\n\n\n<p>Dans le cadre de son activit\u00e9, la soci\u00e9t\u00e9 PEPE CARE enregistr\u00e9 sous le num\u00e9ro d\u2019entreprise BE 0805.917.867 et dont le si\u00e8ge social est situ\u00e9 \u00e0 Stationsweg 1A, 9340 Lede, est amen\u00e9e \u00e0 collecter et \u00e0 traiter des informations dont certaines sont qualifi\u00e9es de \u00ab\u00a0donn\u00e9es personnelles\u00a0\u00bb. PEPE CARE attache une grande importance au respect de la vie priv\u00e9e, et n\u2019utilise que des donnes de mani\u00e8re responsable et confidentielle et dans une finalit\u00e9 pr\u00e9cise.<\/p>\n\n\n\n<p><strong>POLITIQUE DE CONFIDENTIALIT\u00c9<\/strong><\/p>\n\n\n\n<p>Cette \u00ab\u202fD\u00e9claration de confidentialit\u00e9\u202f\u00bb&nbsp;r\u00e9git le traitement de vos donn\u00e9es \u00e0 caract\u00e8re personnel par la personne responsable du traitement : Ashu Pepertua<\/p>\n\n\n\n<p>Lisez attentivement cette d\u00e9claration de confidentialit\u00e9, car elle contient des informations essentielles sur le traitement de vos donn\u00e9es personnelles et les&nbsp;<em>cookies<\/em>&nbsp;utilis\u00e9s. En fournissant vos donn\u00e9es personnelles sur le site web&nbsp;<a href=\"http:\/\/www.pepecare.be\/\">www.pepecare.be<\/a>&nbsp;et en utilisant les adresses e-mail indiqu\u00e9es sur ce site, vous d\u00e9clarez avoir pris connaissance de cette d\u00e9claration de confidentialit\u00e9 et l\u2019avoir express\u00e9ment accept\u00e9e&nbsp;de m\u00eame&nbsp;que le traitement.&nbsp;<\/p>\n\n\n\n<p><em>Donn\u00e9es \u00e0 caract\u00e8re personnel<\/em>&nbsp;<\/p>\n\n\n\n<p>Cette d\u00e9claration de confidentialit\u00e9 concerne vos donn\u00e9es \u00e0 caract\u00e8re personnel. Le RGPD d\u00e9finit ces donn\u00e9es comme \u00ab\u202ftoute information se rapportant \u00e0 une personne physique identifi\u00e9e ou identifiable (aussi appel\u00e9e&nbsp;\u00ab&nbsp;personne concern\u00e9e&nbsp;\u00bb). Est&nbsp;appel\u00e9e&nbsp;\u00ab&nbsp;personne physique identifiable&nbsp;\u00bb,&nbsp;une personne physique qui peut \u00eatre identifi\u00e9e, directement ou indirectement, notamment par r\u00e9f\u00e9rence \u00e0 un identifiant, tel qu\u2019un nom, un num\u00e9ro d\u2019identification, des donn\u00e9es de localisation, un identifiant en ligne,&nbsp;ou \u00e0 un&nbsp;(ou plusieurs)&nbsp;\u00e9l\u00e9ments sp\u00e9cifiques propres \u00e0 son identit\u00e9 physique, physiologique, g\u00e9n\u00e9tique, psychique, \u00e9conomique, culturelle ou sociale.\u202f\u00bb&nbsp;<\/p>\n\n\n\n<p><em>Finalit\u00e9s du traitement<\/em>&nbsp;<\/p>\n\n\n\n<p>PEPE CARE recueille et traite les donn\u00e9es \u00e0 caract\u00e8re personnel des&nbsp;patients\/clients&nbsp;en vue de la gestion des&nbsp;patients\/clients&nbsp;et des commandes (entre autres&nbsp;pour l\u2019administration des&nbsp;patients\/clients, le suivi des commandes\/livraisons, la facturation, le suivi de la solvabilit\u00e9 et l\u2019envoi de marketing direct). De plus, des donn\u00e9es \u00e0 caract\u00e8re personnel sont collect\u00e9es \u00e0 travers des&nbsp;<em>cookies<\/em>&nbsp;afin d\u2019am\u00e9liorer et&nbsp;optimiser l\u2019utilisation du site et des statistiques anonymes.&nbsp;<\/p>\n\n\n\n<p>&nbsp;<em>Site web tiers<\/em>&nbsp;<\/p>\n\n\n\n<p>Notre site web contient des liens hypertextes menant vers des sites web tiers et des informations les concernant. Nous n\u2019avons aucun contr\u00f4le sur ces sites, et ne sommes pas responsables de leurs politiques de confidentialit\u00e9 ni de leurs pratiques.<\/p>\n\n\n\n<p><em>Base(s) juridique(s) du traitement<\/em>&nbsp;<\/p>\n\n\n\n<p>Les donn\u00e9es personnelles seront trait\u00e9es via le site web pour diverses raisons juridiques, conform\u00e9ment \u00e0 l\u2019article 6.1 du R\u00e8glement g\u00e9n\u00e9ral&nbsp;sur la protection des donn\u00e9es \u00e0 caract\u00e8re personnel&nbsp;2016\/679 du 27 avril 2016. Si l\u2019on n\u2019utilise qu\u2019un formulaire de contact et une adresse \u00e9lectronique,&nbsp;PEPE CARE fonde sa d\u00e9cision sur l\u2019autorisation. <\/p>\n\n\n\n<p><em>Dur\u00e9e de conservation<\/em>&nbsp;<\/p>\n\n\n\n<p>Les donn\u00e9es \u00e0 caract\u00e8re personnel trait\u00e9es en vue de la gestion des&nbsp;clients&nbsp;seront conserv\u00e9es le temps qu\u2019il faut pour satisfaire les obligations l\u00e9gales (entre autres en ce qui concerne la&nbsp;comptabilit\u00e9). Les donn\u00e9es personnelles recueillies au moyen de&nbsp;<em>cookies<\/em>&nbsp;sont conserv\u00e9es pendant la session ou pour une dur\u00e9e plus longue si cela est n\u00e9cessaire pour le fonctionnement du site. Lorsque les donn\u00e9es sont conserv\u00e9es plus longtemps que la session, celles-ci sont anonymis\u00e9es.&nbsp;<\/p>\n\n\n\n<p><em>Droit d\u2019acc\u00e8s, de rectification, d\u2019effacement, de limitation, d\u2019opposition et de cessibilit\u00e9 des donn\u00e9es \u00e0 caract\u00e8re personnel\u202f<\/em>&nbsp;<\/p>\n\n\n\n<p>Le&nbsp;client&nbsp;a en tout temps un droit d\u2019acc\u00e8s \u00e0&nbsp;ses&nbsp;donn\u00e9es \u00e0 caract\u00e8re personnel. Il a le droit de les rectifier ou de les faire rectifier si elles s\u2019av\u00e8rent \u00eatre inexactes,&nbsp;de les faire effacer, de limiter leur traitement ou de s\u2019opposer au traitement des donn\u00e9es le concernant sur la base de l\u2019article 6.1 (e) ou (f), y compris le profilage sur la base de ces dispositions.&nbsp;<\/p>\n\n\n\n<p>Le&nbsp;client&nbsp;a en outre le droit de demander qu\u2019une copie (sous une forme structur\u00e9e, courante et lisible par machine) de ses donn\u00e9es \u00e0 caract\u00e8re personnel soient envoy\u00e9es \u00e0 une autre soci\u00e9t\u00e9.\u202f&nbsp;<\/p>\n\n\n\n<p>Pour exercer lesdits droits, le&nbsp;patient\/client&nbsp;est pri\u00e9&nbsp;&nbsp;<\/p>\n\n\n\n<ul class=\"wp-block-list\">\n<li>De&nbsp;corriger lui-m\u00eame les param\u00e8tres de son compte client&nbsp;; et \/&nbsp;ou&nbsp;<\/li>\n\n\n\n<li>D\u2019envoyer&nbsp;un e-mail \u00e0 l\u2019adresse suivante :&nbsp;pepertuaashu@yahoo.com<\/li>\n<\/ul>\n\n\n\n<p><em>Marketing direct<\/em>&nbsp;<\/p>\n\n\n\n<p>Le&nbsp;client&nbsp;a le droit de s\u2019opposer gratuitement \u00e0 tout traitement de ses donn\u00e9es \u00e0 caract\u00e8re personnel \u00e0 des fins de marketing direct.\u202f&nbsp;<\/p>\n\n\n\n<p><em>Plaintes<\/em>&nbsp;<\/p>\n\n\n\n<p>Le&nbsp;patient\/client&nbsp;a le droit d\u2019introduire une plainte aupr\u00e8s de&nbsp;PEPE CARE. En outre, il a le droit d\u2019introduire une plainte aupr\u00e8s&nbsp;d\u2019une autorit\u00e9 de contr\u00f4le. Pour la Belgique, c\u2019est l\u2019Autorit\u00e9 de Protection des Donn\u00e9es \u2013&nbsp;rue de la Presse 35, 1000 Brussel, tel. +32 (0)2\/274.48.00.&nbsp;<\/p>\n\n\n\n<p>Derni\u00e8re mise \u00e0 jour : 6 mars 2024<br><\/p>\n","protected":false},"excerpt":{"rendered":"<p>Introduction Dans le cadre de son activit\u00e9, la soci\u00e9t\u00e9 PEPE CARE enregistr\u00e9 sous le num\u00e9ro d\u2019entreprise BE 0805.917.867 et dont le si\u00e8ge social est situ\u00e9 \u00e0 Stationsweg 1A, 9340 Lede, est amen\u00e9e \u00e0 collecter et \u00e0 traiter des informations dont certaines sont qualifi\u00e9es de \u00ab\u00a0donn\u00e9es personnelles\u00a0\u00bb. PEPE CARE attache une grande importance au respect de [&hellip;]<\/p>\n","protected":false},"author":1,"featured_media":0,"parent":0,"menu_order":0,"comment_status":"closed","ping_status":"closed","template":"","meta":{"footnotes":""},"class_list":["post-3378","page","type-page","status-publish","hentry"],"_links":{"self":[{"href":"https:\/\/pepecare.be\/index.php\/wp-json\/wp\/v2\/pages\/3378","targetHints":{"allow":["GET"]}}],"collection":[{"href":"https:\/\/pepecare.be\/index.php\/wp-json\/wp\/v2\/pages"}],"about":[{"href":"https:\/\/pepecare.be\/index.php\/wp-json\/wp\/v2\/types\/page"}],"author":[{"embeddable":true,"href":"https:\/\/pepecare.be\/index.php\/wp-json\/wp\/v2\/users\/1"}],"replies":[{"embeddable":true,"href":"https:\/\/pepecare.be\/index.php\/wp-json\/wp\/v2\/comments?post=3378"}],"version-history":[{"count":3,"href":"https:\/\/pepecare.be\/index.php\/wp-json\/wp\/v2\/pages\/3378\/revisions"}],"predecessor-version":[{"id":3436,"href":"https:\/\/pepecare.be\/index.php\/wp-json\/wp\/v2\/pages\/3378\/revisions\/3436"}],"wp:attachment":[{"href":"https:\/\/pepecare.be\/index.php\/wp-json\/wp\/v2\/media?parent=3378"}],"curies":[{"name":"wp","href":"https:\/\/api.w.org\/{rel}","templated":true}]}}